{"id":17,"date":"2025-08-02T15:50:26","date_gmt":"2025-08-02T15:50:26","guid":{"rendered":"https:\/\/annaats.com\/?page_id=17"},"modified":"2025-10-09T13:47:22","modified_gmt":"2025-10-09T13:47:22","slug":"bemutatkozas-2","status":"publish","type":"page","link":"https:\/\/annaats.com\/en\/","title":{"rendered":"Introduction"},"content":{"rendered":"<div data-elementor-type=\"wp-page\" data-elementor-id=\"17\" class=\"elementor elementor-17\" data-elementor-post-type=\"page\">\n\t\t\t\t<div data-dce-background-image-url=\"https:\/\/annaats.com\/wp-content\/uploads\/2025\/08\/marine-composition-with-small-lighthouse-scaled.jpg\" class=\"elementor-element elementor-element-69cc805 e-con-full e-flex e-con e-parent\" data-id=\"69cc805\" data-element_type=\"container\" data-e-type=\"container\" data-settings=\"{&quot;background_background&quot;:&quot;classic&quot;,&quot;shape_divider_bottom&quot;:&quot;waves&quot;,&quot;shape_divider_bottom_negative&quot;:&quot;yes&quot;}\">\n\t\t\t\t<div class=\"elementor-shape elementor-shape-bottom\" aria-hidden=\"true\" data-negative=\"true\">\n\t\t\t<svg xmlns=\"http:\/\/www.w3.org\/2000\/svg\" viewbox=\"0 0 1000 100\" preserveaspectratio=\"none\">\n\t<path class=\"elementor-shape-fill\" d=\"M790.5,93.1c-59.3-5.3-116.8-18-192.6-50c-29.6-12.7-76.9-31-100.5-35.9c-23.6-4.9-52.6-7.8-75.5-5.3\tc-10.2,1.1-22.6,1.4-50.1,7.4c-27.2,6.3-58.2,16.6-79.4,24.7c-41.3,15.9-94.9,21.9-134,22.6C72,58.2,0,25.8,0,25.8V100h1000V65.3\tc0,0-51.5,19.4-106.2,25.7C839.5,97,814.1,95.2,790.5,93.1z\"\/>\n<\/svg>\t\t<\/div>\n\t\t<div class=\"elementor-element elementor-element-480caeb e-con-full e-flex e-con e-child\" data-id=\"480caeb\" data-element_type=\"container\" data-e-type=\"container\">\n\t\t\t\t<div class=\"elementor-element elementor-element-c962add elementor-widget elementor-widget-heading\" data-id=\"c962add\" data-element_type=\"widget\" data-e-type=\"widget\" data-widget_type=\"heading.default\">\n\t\t\t\t\t<h1 class=\"elementor-heading-title elementor-size-default\">For seekers, wanderers, and those starting over<\/h1>\t\t\t\t<\/div>\n\t\t\t\t<div class=\"elementor-element elementor-element-8e4e561 elementor-widget__width-initial elementor-widget elementor-widget-heading\" data-id=\"8e4e561\" data-element_type=\"widget\" data-e-type=\"widget\" data-widget_type=\"heading.default\">\n\t\t\t\t\t<h5 class=\"elementor-heading-title elementor-size-default\">I\u2019m 42, and I don\u2019t have the answer to life, the universe, and everything.\nBut I can offer you a good cup of coffee, attentive listening, a pile of LEGO bricks, and other creative tools for self-discovery, so you can find your own answers. <\/h5>\t\t\t\t<\/div>\n\t\t\t\t<div class=\"elementor-element elementor-element-29f5202 uael-button-stack-mobile uael-button-halign-center elementor-widget elementor-widget-global elementor-global-505 elementor-widget-uael-buttons\" data-id=\"29f5202\" data-element_type=\"widget\" data-e-type=\"widget\" data-widget_type=\"uael-buttons.default\">\n\t\t\t\t<div class=\"elementor-widget-container\">\n\t\t\t\t\t\t\t<div class=\"uael-dual-button-outer-wrap\">\n\t\t\t<div class=\"uael-dual-button-wrap\">\n\t\t\t\t\t\t\t\t<div class=\"uael-button-wrapper uael-dual-button elementor-widget-button elementor-repeater-item-d1dfb01 uael-dual-button-0\">\n\t\t\t\t\t<a class=\"elementor-button-link elementor-button elementor-size-sm elementor-button-link elementor-animation-grow\" href=\"https:\/\/annaats.com\/en\/naptar\/\">\n\t\t\t\t\t\t\t\t<span class=\"elementor-button-content-wrapper uael-buttons-icon-\">\n\t\t\t\t\t\t\t\t\t\t\t\t<span class=\"elementor-align-icon- elementor-button-icon\">\n\t\t\t\t\t\t\t\t\t\t\t<\/span>\n\t\t\t\t\t\t\t\t\t\t<span class=\"elementor-button-text elementor-inline-editing\" data-elementor-setting-key=\"buttons.0.text\" data-elementor-inline-editing-toolbar=\"none\">Hitch a slot!<\/span>\n\t\t<\/span>\n\t\t\t\t\t\t\t<\/a>\n\t\t\t\t<\/div>\n\t\t\t\t\t\t\t\t<div class=\"uael-button-wrapper uael-dual-button elementor-widget-button elementor-repeater-item-f0c53d8 uael-dual-button-1\">\n\t\t\t\t\t<a class=\"elementor-button-link elementor-button elementor-size-sm elementor-button-link elementor-animation-grow\" href=\"#elementor-action%3Aaction%3Dpopup%3Aopen%26settings%3DeyJpZCI6IjQ5OSIsInRvZ2dsZSI6ZmFsc2V9\">\n\t\t\t\t\t\t\t\t<span class=\"elementor-button-content-wrapper uael-buttons-icon- elementor-button-content-wrapper uael-buttons-icon-\">\n\t\t\t\t\t\t\t\t\t\t\t\t<span class=\"elementor-align-icon- elementor-button-icon\">\n\t\t\t\t\t\t\t\t\t\t\t<\/span>\n\t\t\t\t\t\t\t\t\t\t<span class=\"elementor-button-text elementor-inline-editing\" data-elementor-setting-key=\"buttons.1.text\" data-elementor-inline-editing-toolbar=\"none\">I have a question<\/span>\n\t\t<\/span>\n\t\t\t\t\t\t\t<\/a>\n\t\t\t\t<\/div>\n\t\t\t\t\t\t\t<\/div>\n\t\t<\/div>\n\t\t\t\t\t\t<\/div>\n\t\t\t\t<\/div>\n\t\t\t\t<\/div>\n\t\t\t\t<\/div>\n\t\t<div class=\"elementor-element elementor-element-a29d732 e-flex e-con-boxed e-con e-parent\" data-id=\"a29d732\" data-element_type=\"container\" data-e-type=\"container\" data-settings=\"{&quot;background_background&quot;:&quot;classic&quot;}\">\n\t\t\t\t\t<div class=\"e-con-inner\">\n\t\t\t\t<div class=\"elementor-element elementor-element-f5a0319 elementor-widget elementor-widget-heading\" data-id=\"f5a0319\" data-element_type=\"widget\" data-e-type=\"widget\" data-widget_type=\"heading.default\">\n\t\t\t\t\t<h2 class=\"elementor-heading-title elementor-size-default\">Who\u2019s sitting with you in the cockpit?<\/h2>\t\t\t\t<\/div>\n\t\t\t\t\t<\/div>\n\t\t\t\t<\/div>\n\t\t<div class=\"elementor-element elementor-element-614d355 e-flex e-con-boxed e-con e-parent\" data-id=\"614d355\" data-element_type=\"container\" data-e-type=\"container\" data-settings=\"{&quot;background_background&quot;:&quot;classic&quot;}\">\n\t\t\t\t\t<div class=\"e-con-inner\">\n\t\t<div class=\"elementor-element elementor-element-71adfd4 e-con-full e-flex e-con e-child\" data-id=\"71adfd4\" data-element_type=\"container\" data-e-type=\"container\">\n\t\t\t\t<div class=\"elementor-element elementor-element-5374ccc dce_masking-image elementor-widget elementor-widget-image\" data-id=\"5374ccc\" data-element_type=\"widget\" data-e-type=\"widget\" data-widget_type=\"image.default\">\n\t\t\t\t\t\t\t\t\t\t\t\t\t\t\t<img fetchpriority=\"high\" decoding=\"async\" width=\"781\" height=\"1024\" src=\"https:\/\/annaats.com\/wp-content\/uploads\/2025\/08\/profile-pic-781x1024.jpeg\" class=\"attachment-large size-large wp-image-168\" alt=\"\" srcset=\"https:\/\/annaats.com\/wp-content\/uploads\/2025\/08\/profile-pic-781x1024.jpeg 781w, https:\/\/annaats.com\/wp-content\/uploads\/2025\/08\/profile-pic-229x300.jpeg 229w, https:\/\/annaats.com\/wp-content\/uploads\/2025\/08\/profile-pic-768x1007.jpeg 768w, https:\/\/annaats.com\/wp-content\/uploads\/2025\/08\/profile-pic-9x12.jpeg 9w, https:\/\/annaats.com\/wp-content\/uploads\/2025\/08\/profile-pic.jpeg 917w\" sizes=\"(max-width: 781px) 100vw, 781px\" \/>\t\t\t\t\t\t\t\t\t\t\t\t\t\t\t<\/div>\n\t\t\t\t<\/div>\n\t\t<div class=\"elementor-element elementor-element-960deeb e-con-full e-flex e-con e-child\" data-id=\"960deeb\" data-element_type=\"container\" data-e-type=\"container\">\n\t\t\t\t<div class=\"elementor-element elementor-element-88aff82 elementor-widget__width-initial elementor-widget elementor-widget-text-editor\" data-id=\"88aff82\" data-element_type=\"widget\" data-e-type=\"widget\" data-widget_type=\"text-editor.default\">\n\t\t\t\t\t\t\t\t\t<p data-start=\"574\" data-end=\"1058\">Over the past 42 years I\u2019ve often flipped open the atlas in search of a new direction. I set out from Budapest, carried on in Prague, redrew my map in Barcelona (twice), and finally touched down in The Hague, before returning back to Budapest.<\/p><p data-start=\"574\" data-end=\"1058\">Sometimes I feel as if I\u2019ve already lived several lives. And while I loved them all, none of them truly felt like my own.<\/p><p data-start=\"574\" data-end=\"1058\">In both my career and in my relationships, for a long time I was joining other people\u2019s journeys instead of drawing my own map.\u00a0<\/p><p data-start=\"574\" data-end=\"1058\">I was a skilled hitchhiker: adaptable, resourceful, always on the move.<br data-start=\"883\" data-end=\"886\" \/>But eventually, I felt it was time to build my own spaceship. One that is big enough to welcome other hitchhikers: those who also feel the time has come to design their own rocket, or to rethink the course of the one they already have.\u00a0<\/p><p data-start=\"574\" data-end=\"1058\">And to make sure my fellow travelers are in good hands, my very first step was to return to university. I completed my Master\u2019s degree in Mental Health in Community and Relationship Building, and along the way I also became a LEGO\u00ae Serious Play\u00ae facilitator. Later I expanded my toolkit with an ICF accredited Coach Training in Antener. Currently, I\u2019m a Literature Therapist in the making.<\/p>\t\t\t\t\t\t\t\t<\/div>\n\t\t\t\t<\/div>\n\t\t<div class=\"elementor-element elementor-element-edfd276 e-con-full e-flex e-con e-child\" data-id=\"edfd276\" data-element_type=\"container\" data-e-type=\"container\">\n\t\t\t\t<div class=\"elementor-element elementor-element-6dd2939 elementor-widget elementor-widget-button\" data-id=\"6dd2939\" data-element_type=\"widget\" data-e-type=\"widget\" data-widget_type=\"button.default\">\n\t\t\t\t\t\t\t\t\t\t<a class=\"elementor-button elementor-button-link elementor-size-sm\" href=\"https:\/\/annaats.com\/en\/egyeni\/\">\n\t\t\t\t\t\t<span class=\"elementor-button-content-wrapper\">\n\t\t\t\t\t\t\t\t\t<span class=\"elementor-button-text\"><b>How does it work?<\/b><\/span>\n\t\t\t\t\t<\/span>\n\t\t\t\t\t<\/a>\n\t\t\t\t\t\t\t\t<\/div>\n\t\t\t\t<\/div>\n\t\t\t\t\t<\/div>\n\t\t\t\t<\/div>\n\t\t\t\t<\/div>","protected":false},"excerpt":{"rendered":"<p>\u00datkeres\u0151knek, bolyong\u00f3knak, \u00fajrakezd\u0151knek 42 vagyok, de nem tudom a v\u00e1laszt az \u00e9letre, a vil\u00e1gmindens\u00e9gre, meg mindenre. De kapsz t\u0151lem egy finom k\u00e1v\u00e9t, akt\u00edv figyelmet, LEGO-kock\u00e1kat \u00e9s m\u00e1s kreat\u00edv \u00f6nismereti eszk\u00f6z\u00f6ket, hogy megtal\u00e1ld a saj\u00e1t v\u00e1laszaidat.\u200b Lestoppollak K\u00e9rd\u00e9sem van Ki \u00fcl veled a pil\u00f3taf\u00fclk\u00e9ben? Az elm\u00falt 42 \u00e9vben t\u00f6bbsz\u00f6r felcsaptam az atlaszt \u00faj ir\u00e1nyt keresve. Budapestr\u0151l [&hellip;]<\/p>\n","protected":false},"author":1,"featured_media":0,"parent":0,"menu_order":0,"comment_status":"closed","ping_status":"closed","template":"elementor_header_footer","meta":{"footnotes":""},"class_list":["post-17","page","type-page","status-publish","hentry"],"yoast_head":"<!-- This site is optimized with the Yoast SEO plugin v27.4 - https:\/\/yoast.com\/product\/yoast-seo-wordpress\/ -->\n<title>Bemutatkoz\u00e1s - &Aacute;ts Anna ment&aacute;lhigi&eacute;n&eacute;s szakember<\/title>\n<meta name=\"robots\" content=\"index, follow, max-snippet:-1, max-image-preview:large, max-video-preview:-1\" \/>\n<link rel=\"canonical\" href=\"https:\/\/annaats.com\/en\/\" \/>\n<meta property=\"og:locale\" content=\"en_US\" \/>\n<meta property=\"og:type\" content=\"article\" \/>\n<meta property=\"og:title\" content=\"Bemutatkoz\u00e1s - &Aacute;ts Anna ment&aacute;lhigi&eacute;n&eacute;s szakember\" \/>\n<meta property=\"og:description\" content=\"\u00datkeres\u0151knek, bolyong\u00f3knak, \u00fajrakezd\u0151knek 42 vagyok, de nem tudom a v\u00e1laszt az \u00e9letre, a vil\u00e1gmindens\u00e9gre, meg mindenre. De kapsz t\u0151lem egy finom k\u00e1v\u00e9t, akt\u00edv figyelmet, LEGO-kock\u00e1kat \u00e9s m\u00e1s kreat\u00edv \u00f6nismereti eszk\u00f6z\u00f6ket, hogy megtal\u00e1ld a saj\u00e1t v\u00e1laszaidat.\u200b Lestoppollak K\u00e9rd\u00e9sem van Ki \u00fcl veled a pil\u00f3taf\u00fclk\u00e9ben? Az elm\u00falt 42 \u00e9vben t\u00f6bbsz\u00f6r felcsaptam az atlaszt \u00faj ir\u00e1nyt keresve. Budapestr\u0151l [&hellip;]\" \/>\n<meta property=\"og:url\" content=\"https:\/\/annaats.com\/en\/\" \/>\n<meta property=\"og:site_name\" content=\"&Aacute;ts Anna ment&aacute;lhigi&eacute;n&eacute;s szakember\" \/>\n<meta property=\"article:modified_time\" content=\"2025-10-09T13:47:22+00:00\" \/>\n<meta property=\"og:image\" content=\"https:\/\/annaats.com\/wp-content\/uploads\/2025\/08\/profile-pic.jpeg\" \/>\n\t<meta property=\"og:image:width\" content=\"917\" \/>\n\t<meta property=\"og:image:height\" content=\"1202\" \/>\n\t<meta property=\"og:image:type\" content=\"image\/jpeg\" \/>\n<meta name=\"twitter:card\" content=\"summary_large_image\" \/>\n<meta name=\"twitter:label1\" content=\"Est. reading time\" \/>\n\t<meta name=\"twitter:data1\" content=\"1 minute\" \/>\n<script type=\"application\/ld+json\" class=\"yoast-schema-graph\">{\"@context\":\"https:\\\/\\\/schema.org\",\"@graph\":[{\"@type\":\"WebPage\",\"@id\":\"https:\\\/\\\/annaats.com\\\/\",\"url\":\"https:\\\/\\\/annaats.com\\\/\",\"name\":\"Bemutatkoz\u00e1s - &Aacute;ts Anna ment&aacute;lhigi&eacute;n&eacute;s szakember\",\"isPartOf\":{\"@id\":\"https:\\\/\\\/annaats.com\\\/#website\"},\"primaryImageOfPage\":{\"@id\":\"https:\\\/\\\/annaats.com\\\/#primaryimage\"},\"image\":{\"@id\":\"https:\\\/\\\/annaats.com\\\/#primaryimage\"},\"thumbnailUrl\":\"https:\\\/\\\/annaats.com\\\/wp-content\\\/uploads\\\/2025\\\/08\\\/profile-pic-781x1024.jpeg\",\"datePublished\":\"2025-08-02T15:50:26+00:00\",\"dateModified\":\"2025-10-09T13:47:22+00:00\",\"breadcrumb\":{\"@id\":\"https:\\\/\\\/annaats.com\\\/#breadcrumb\"},\"inLanguage\":\"en-US\",\"potentialAction\":[{\"@type\":\"ReadAction\",\"target\":[\"https:\\\/\\\/annaats.com\\\/\"]}]},{\"@type\":\"ImageObject\",\"inLanguage\":\"en-US\",\"@id\":\"https:\\\/\\\/annaats.com\\\/#primaryimage\",\"url\":\"https:\\\/\\\/annaats.com\\\/wp-content\\\/uploads\\\/2025\\\/08\\\/profile-pic-781x1024.jpeg\",\"contentUrl\":\"https:\\\/\\\/annaats.com\\\/wp-content\\\/uploads\\\/2025\\\/08\\\/profile-pic-781x1024.jpeg\"},{\"@type\":\"BreadcrumbList\",\"@id\":\"https:\\\/\\\/annaats.com\\\/#breadcrumb\",\"itemListElement\":[{\"@type\":\"ListItem\",\"position\":1,\"name\":\"Home\",\"item\":\"https:\\\/\\\/annaats.com\\\/\"},{\"@type\":\"ListItem\",\"position\":2,\"name\":\"Bemutatkoz\u00e1s\"}]},{\"@type\":\"WebSite\",\"@id\":\"https:\\\/\\\/annaats.com\\\/#website\",\"url\":\"https:\\\/\\\/annaats.com\\\/\",\"name\":\"&Aacute;ts Anna ment&aacute;lhigi&eacute;n&eacute;s szakember\",\"description\":\"Just another Elementor AI website\",\"publisher\":{\"@id\":\"https:\\\/\\\/annaats.com\\\/#organization\"},\"potentialAction\":[{\"@type\":\"SearchAction\",\"target\":{\"@type\":\"EntryPoint\",\"urlTemplate\":\"https:\\\/\\\/annaats.com\\\/?s={search_term_string}\"},\"query-input\":{\"@type\":\"PropertyValueSpecification\",\"valueRequired\":true,\"valueName\":\"search_term_string\"}}],\"inLanguage\":\"en-US\"},{\"@type\":\"Organization\",\"@id\":\"https:\\\/\\\/annaats.com\\\/#organization\",\"name\":\"&Aacute;ts Anna ment&aacute;lhigi&eacute;n&eacute;s szakember\",\"url\":\"https:\\\/\\\/annaats.com\\\/\",\"logo\":{\"@type\":\"ImageObject\",\"inLanguage\":\"en-US\",\"@id\":\"https:\\\/\\\/annaats.com\\\/#\\\/schema\\\/logo\\\/image\\\/\",\"url\":\"https:\\\/\\\/annaats.com\\\/wp-content\\\/uploads\\\/2025\\\/07\\\/Atsanna_logo_1_magyar1.png\",\"contentUrl\":\"https:\\\/\\\/annaats.com\\\/wp-content\\\/uploads\\\/2025\\\/07\\\/Atsanna_logo_1_magyar1.png\",\"width\":1714,\"height\":941,\"caption\":\"&Aacute;ts Anna ment&aacute;lhigi&eacute;n&eacute;s szakember\"},\"image\":{\"@id\":\"https:\\\/\\\/annaats.com\\\/#\\\/schema\\\/logo\\\/image\\\/\"}}]}<\/script>\n<!-- \/ Yoast SEO plugin. -->","yoast_head_json":{"title":"Bemutatkoz\u00e1s - &Aacute;ts Anna ment&aacute;lhigi&eacute;n&eacute;s szakember","robots":{"index":"index","follow":"follow","max-snippet":"max-snippet:-1","max-image-preview":"max-image-preview:large","max-video-preview":"max-video-preview:-1"},"canonical":"https:\/\/annaats.com\/en\/","og_locale":"en_US","og_type":"article","og_title":"Bemutatkoz\u00e1s - &Aacute;ts Anna ment&aacute;lhigi&eacute;n&eacute;s szakember","og_description":"\u00datkeres\u0151knek, bolyong\u00f3knak, \u00fajrakezd\u0151knek 42 vagyok, de nem tudom a v\u00e1laszt az \u00e9letre, a vil\u00e1gmindens\u00e9gre, meg mindenre. De kapsz t\u0151lem egy finom k\u00e1v\u00e9t, akt\u00edv figyelmet, LEGO-kock\u00e1kat \u00e9s m\u00e1s kreat\u00edv \u00f6nismereti eszk\u00f6z\u00f6ket, hogy megtal\u00e1ld a saj\u00e1t v\u00e1laszaidat.\u200b Lestoppollak K\u00e9rd\u00e9sem van Ki \u00fcl veled a pil\u00f3taf\u00fclk\u00e9ben? Az elm\u00falt 42 \u00e9vben t\u00f6bbsz\u00f6r felcsaptam az atlaszt \u00faj ir\u00e1nyt keresve. Budapestr\u0151l [&hellip;]","og_url":"https:\/\/annaats.com\/en\/","og_site_name":"&Aacute;ts Anna ment&aacute;lhigi&eacute;n&eacute;s szakember","article_modified_time":"2025-10-09T13:47:22+00:00","og_image":[{"width":917,"height":1202,"url":"https:\/\/annaats.com\/wp-content\/uploads\/2025\/08\/profile-pic.jpeg","type":"image\/jpeg"}],"twitter_card":"summary_large_image","twitter_misc":{"Est. reading time":"1 minute"},"schema":{"@context":"https:\/\/schema.org","@graph":[{"@type":"WebPage","@id":"https:\/\/annaats.com\/","url":"https:\/\/annaats.com\/","name":"Bemutatkoz\u00e1s - &Aacute;ts Anna ment&aacute;lhigi&eacute;n&eacute;s szakember","isPartOf":{"@id":"https:\/\/annaats.com\/#website"},"primaryImageOfPage":{"@id":"https:\/\/annaats.com\/#primaryimage"},"image":{"@id":"https:\/\/annaats.com\/#primaryimage"},"thumbnailUrl":"https:\/\/annaats.com\/wp-content\/uploads\/2025\/08\/profile-pic-781x1024.jpeg","datePublished":"2025-08-02T15:50:26+00:00","dateModified":"2025-10-09T13:47:22+00:00","breadcrumb":{"@id":"https:\/\/annaats.com\/#breadcrumb"},"inLanguage":"en-US","potentialAction":[{"@type":"ReadAction","target":["https:\/\/annaats.com\/"]}]},{"@type":"ImageObject","inLanguage":"en-US","@id":"https:\/\/annaats.com\/#primaryimage","url":"https:\/\/annaats.com\/wp-content\/uploads\/2025\/08\/profile-pic-781x1024.jpeg","contentUrl":"https:\/\/annaats.com\/wp-content\/uploads\/2025\/08\/profile-pic-781x1024.jpeg"},{"@type":"BreadcrumbList","@id":"https:\/\/annaats.com\/#breadcrumb","itemListElement":[{"@type":"ListItem","position":1,"name":"Home","item":"https:\/\/annaats.com\/"},{"@type":"ListItem","position":2,"name":"Bemutatkoz\u00e1s"}]},{"@type":"WebSite","@id":"https:\/\/annaats.com\/#website","url":"https:\/\/annaats.com\/","name":"&Aacute;ts Anna ment&aacute;lhigi&eacute;n&eacute;s szakember","description":"Just another Elementor AI website","publisher":{"@id":"https:\/\/annaats.com\/#organization"},"potentialAction":[{"@type":"SearchAction","target":{"@type":"EntryPoint","urlTemplate":"https:\/\/annaats.com\/?s={search_term_string}"},"query-input":{"@type":"PropertyValueSpecification","valueRequired":true,"valueName":"search_term_string"}}],"inLanguage":"en-US"},{"@type":"Organization","@id":"https:\/\/annaats.com\/#organization","name":"&Aacute;ts Anna ment&aacute;lhigi&eacute;n&eacute;s szakember","url":"https:\/\/annaats.com\/","logo":{"@type":"ImageObject","inLanguage":"en-US","@id":"https:\/\/annaats.com\/#\/schema\/logo\/image\/","url":"https:\/\/annaats.com\/wp-content\/uploads\/2025\/07\/Atsanna_logo_1_magyar1.png","contentUrl":"https:\/\/annaats.com\/wp-content\/uploads\/2025\/07\/Atsanna_logo_1_magyar1.png","width":1714,"height":941,"caption":"&Aacute;ts Anna ment&aacute;lhigi&eacute;n&eacute;s szakember"},"image":{"@id":"https:\/\/annaats.com\/#\/schema\/logo\/image\/"}}]}},"_links":{"self":[{"href":"https:\/\/annaats.com\/en\/wp-json\/wp\/v2\/pages\/17","targetHints":{"allow":["GET"]}}],"collection":[{"href":"https:\/\/annaats.com\/en\/wp-json\/wp\/v2\/pages"}],"about":[{"href":"https:\/\/annaats.com\/en\/wp-json\/wp\/v2\/types\/page"}],"author":[{"embeddable":true,"href":"https:\/\/annaats.com\/en\/wp-json\/wp\/v2\/users\/1"}],"replies":[{"embeddable":true,"href":"https:\/\/annaats.com\/en\/wp-json\/wp\/v2\/comments?post=17"}],"version-history":[{"count":132,"href":"https:\/\/annaats.com\/en\/wp-json\/wp\/v2\/pages\/17\/revisions"}],"predecessor-version":[{"id":645,"href":"https:\/\/annaats.com\/en\/wp-json\/wp\/v2\/pages\/17\/revisions\/645"}],"wp:attachment":[{"href":"https:\/\/annaats.com\/en\/wp-json\/wp\/v2\/media?parent=17"}],"curies":[{"name":"wp","href":"https:\/\/api.w.org\/{rel}","templated":true}]}}